{"id":891,"date":"2022-08-18T16:34:54","date_gmt":"2022-08-18T16:34:54","guid":{"rendered":"http:\/\/agrazia.com.br\/?page_id=891"},"modified":"2022-08-18T16:34:55","modified_gmt":"2022-08-18T16:34:55","slug":"quem-somos","status":"publish","type":"page","link":"https:\/\/agrazia.com.br\/?page_id=891","title":{"rendered":"Quem Somos"},"content":{"rendered":"\n<p>A S&amp;G Servi\u00e7os S\/C Ltda., foi constitu\u00edda em outubro de 2002.<\/p>\n\n\n\n<p><b><u>Nossa Vis\u00e3o<\/u><\/b>: Prestar solu\u00e7\u00f5es para as organiza\u00e7\u00f5es atrav\u00e9s da execu\u00e7\u00e3o de servi\u00e7os com agilidade e expertise.<\/p>\n\n\n\n<p><b><u>Nossa Miss\u00e3o<\/u><\/b>: Executar as atividades e procedimentos secund\u00e1rios do cliente, atrav\u00e9s de a\u00e7\u00f5es que liberam a organiza\u00e7\u00e3o e permitem que fiquem focadas na atividade-fim.<\/p>\n\n\n\n<p><b><u>Nossos Valores<\/u><\/b>: Qualidade, Colabora\u00e7\u00e3o e Senso de Urg\u00eancia.<\/p>\n\n\n\n<p class=\"has-text-align-center\"><b>Principal Executivo<\/b><\/p>\n\n\n\n<p class=\"has-text-align-center\"><b>Adalberto Antonio de Grazia<\/b><\/p>\n","protected":false},"excerpt":{"rendered":"<p>A S&amp;G Servi\u00e7os S\/C Ltda., foi constitu\u00edda em outubro de 2002. Nossa Vis\u00e3o: Prestar solu\u00e7\u00f5es para as organiza\u00e7\u00f5es atrav\u00e9s da execu\u00e7\u00e3o de servi\u00e7os com agilidade e expertise. Nossa Miss\u00e3o: Executar as atividades e procedimentos secund\u00e1rios do cliente, atrav\u00e9s de a\u00e7\u00f5es que liberam a organiza\u00e7\u00e3o e permitem que fiquem focadas na atividade-fim. Nossos Valores: Qualidade, Colabora\u00e7\u00e3o &hellip;<\/p>\n<p class=\"read-more\"> <a class=\"\" href=\"https:\/\/agrazia.com.br\/?page_id=891\"> <span class=\"screen-reader-text\">Quem Somos<\/span> Read More &raquo;<\/a><\/p>\n","protected":false},"author":1,"featured_media":0,"parent":0,"menu_order":0,"comment_status":"closed","ping_status":"closed","template":"","meta":{"om_disable_all_campaigns":false,"_monsterinsights_skip_tracking":false,"_monsterinsights_sitenote_active":false,"_monsterinsights_sitenote_note":"","_monsterinsights_sitenote_category":0,"site-sidebar-layout":"default","site-content-layout":"default","ast-global-header-display":"","ast-main-header-display":"","ast-hfb-above-header-display":"","ast-hfb-below-header-display":"","ast-hfb-mobile-header-display":"","site-post-title":"","ast-breadcrumbs-content":"","ast-featured-img":"","footer-sml-layout":"","theme-transparent-header-meta":"","adv-header-id-meta":"","stick-header-meta":"","header-above-stick-meta":"","header-main-stick-meta":"","header-below-stick-meta":""},"aioseo_notices":[],"_links":{"self":[{"href":"https:\/\/agrazia.com.br\/index.php?rest_route=\/wp\/v2\/pages\/891"}],"collection":[{"href":"https:\/\/agrazia.com.br\/index.php?rest_route=\/wp\/v2\/pages"}],"about":[{"href":"https:\/\/agrazia.com.br\/index.php?rest_route=\/wp\/v2\/types\/page"}],"author":[{"embeddable":true,"href":"https:\/\/agrazia.com.br\/index.php?rest_route=\/wp\/v2\/users\/1"}],"replies":[{"embeddable":true,"href":"https:\/\/agrazia.com.br\/index.php?rest_route=%2Fwp%2Fv2%2Fcomments&post=891"}],"version-history":[{"count":1,"href":"https:\/\/agrazia.com.br\/index.php?rest_route=\/wp\/v2\/pages\/891\/revisions"}],"predecessor-version":[{"id":892,"href":"https:\/\/agrazia.com.br\/index.php?rest_route=\/wp\/v2\/pages\/891\/revisions\/892"}],"wp:attachment":[{"href":"https:\/\/agrazia.com.br\/index.php?rest_route=%2Fwp%2Fv2%2Fmedia&parent=891"}],"curies":[{"name":"wp","href":"https:\/\/api.w.org\/{rel}","templated":true}]}}